{"id":2036,"date":"2018-10-27T21:25:08","date_gmt":"2018-10-28T00:25:08","guid":{"rendered":"https:\/\/cibils.com.uy\/en\/?page_id=2036"},"modified":"2019-08-06T18:12:25","modified_gmt":"2019-08-06T21:12:25","slug":"proyectos-de-inversion","status":"publish","type":"page","link":"https:\/\/cibils.com.uy\/en\/proyectos-de-inversion\/","title":{"rendered":"Investment Projects"},"content":{"rendered":"<p>[vc_row][vc_column width=&#8221;1\/6&#8243;][\/vc_column][vc_column width=&#8221;2\/3&#8243;][vc_column_text]<strong>Our firm prepares and controls investment projects so that our clients obtain the greatest tax benefits according to the investments incentive regulations. <\/strong><\/p>\n<p>At Cibils &amp; Asociados, our services seek to attain the tax optimization of the companies\u2019 investments within the investments incentive regulations in force. Our personnel is duly experienced and trained to elaborate the custom investment projects of each client, in accordance with the regulations in force, seeking to maximize the organization\u2019s benefits.<\/p>\n<p>The main features of our services are presented below:<\/p>\n<ul>\n<li>Advice on the design of the best strategy to present an investment project that maximizes the company\u2019s tax benefits<\/li>\n<li>Preparation of all the necessary documentation to present before the corresponding authorities<\/li>\n<li>Confection and presentation of the follow-up controls required by the regulation for the maintenance of the investment project benefit<\/li>\n<\/ul>\n<p>[\/vc_column_text][\/vc_column][vc_column width=&#8221;1\/6&#8243;][\/vc_column][\/vc_row][vc_row][vc_column width=&#8221;1\/6&#8243;][\/vc_column][vc_column width=&#8221;2\/3&#8243;][vc_btn title=&#8221;CONSULT&#8221; style=&#8221;flat&#8221; shape=&#8221;square&#8221; color=&#8221;inverse&#8221; size=&#8221;lg&#8221; align=&#8221;left&#8221; css_animation=&#8221;bounceInLeft&#8221; link=&#8221;url:http%3A%2F%2Fwww.cibils.com.uy%2Fen%2Fcontact-us%2F|title:Consult||&#8221;][\/vc_column][vc_column width=&#8221;1\/6&#8243;][\/vc_column][\/vc_row]<\/p>\n","protected":false},"excerpt":{"rendered":"<p>[vc_row][vc_column width=&#8221;1\/6&#8243;][\/vc_column][vc_column width=&#8221;2\/3&#8243;][vc_column_text]Our firm prepares and controls investment projects so that our clients obtain the greatest tax benefits according to the investments incentive regulations. At Cibils &amp; Asociados, our services seek to attain the tax optimization of the companies\u2019 investments within the investments incentive regulations in force. Our personnel is duly experienced and trained to [&hellip;]<\/p>\n","protected":false},"author":1,"featured_media":2353,"parent":0,"menu_order":0,"comment_status":"closed","ping_status":"closed","template":"","meta":[],"yoast_head":"<!-- This site is optimized with the Yoast SEO plugin v19.4 - https:\/\/yoast.com\/wordpress\/plugins\/seo\/ -->\n<title>Investment Projects, Preparaci\u00f3n y Control - Cibils &amp; Asociados<\/title>\n<meta name=\"description\" content=\"Preparamos y controlamos los proyectos de inversi\u00f3n, con el fin de obtener los mayores beneficios fiscales seg\u00fan el r\u00e9gimen de promoci\u00f3n de inversiones.\" \/>\n<meta name=\"robots\" content=\"index, follow, max-snippet:-1, max-image-preview:large, max-video-preview:-1\" \/>\n<link rel=\"canonical\" href=\"https:\/\/cibils.com.uy\/en\/proyectos-de-inversion\/\" \/>\n<meta property=\"og:locale\" content=\"en_US\" \/>\n<meta property=\"og:type\" content=\"article\" \/>\n<meta property=\"og:title\" content=\"Investment Projects, Preparaci\u00f3n y Control - Cibils &amp; Asociados\" \/>\n<meta property=\"og:description\" content=\"Preparamos y controlamos los proyectos de inversi\u00f3n, con el fin de obtener los mayores beneficios fiscales seg\u00fan el r\u00e9gimen de promoci\u00f3n de inversiones.\" \/>\n<meta property=\"og:url\" content=\"https:\/\/cibils.com.uy\/en\/proyectos-de-inversion\/\" \/>\n<meta property=\"og:site_name\" content=\"Cibils &amp; Asociados\" \/>\n<meta property=\"article:modified_time\" content=\"2019-08-06T21:12:25+00:00\" \/>\n<meta property=\"og:image\" content=\"https:\/\/cibils.com.uy\/en\/wp-content\/uploads\/2018\/10\/servicios-6.jpg\" \/>\n\t<meta property=\"og:image:width\" content=\"1440\" \/>\n\t<meta property=\"og:image:height\" content=\"960\" \/>\n\t<meta property=\"og:image:type\" content=\"image\/jpeg\" \/>\n<meta name=\"twitter:card\" content=\"summary_large_image\" \/>\n<meta name=\"twitter:label1\" content=\"Est. reading time\" \/>\n\t<meta name=\"twitter:data1\" content=\"1 minute\" \/>\n<script type=\"application\/ld+json\" class=\"yoast-schema-graph\">{\"@context\":\"https:\/\/schema.org\",\"@graph\":[{\"@type\":\"WebSite\",\"@id\":\"https:\/\/cibils.com.uy\/en\/#website\",\"url\":\"https:\/\/cibils.com.uy\/en\/\",\"name\":\"Cibils &amp; Asociados\",\"description\":\"Accounting services &amp; tax consulting\",\"potentialAction\":[{\"@type\":\"SearchAction\",\"target\":{\"@type\":\"EntryPoint\",\"urlTemplate\":\"https:\/\/cibils.com.uy\/en\/?s={search_term_string}\"},\"query-input\":\"required name=search_term_string\"}],\"inLanguage\":\"en\"},{\"@type\":\"WebPage\",\"@id\":\"https:\/\/cibils.com.uy\/en\/proyectos-de-inversion\/\",\"url\":\"https:\/\/cibils.com.uy\/en\/proyectos-de-inversion\/\",\"name\":\"Investment Projects, Preparaci\u00f3n y Control - Cibils &amp; Asociados\",\"isPartOf\":{\"@id\":\"https:\/\/cibils.com.uy\/en\/#website\"},\"datePublished\":\"2018-10-28T00:25:08+00:00\",\"dateModified\":\"2019-08-06T21:12:25+00:00\",\"description\":\"Preparamos y controlamos los proyectos de inversi\u00f3n, con el fin de obtener los mayores beneficios fiscales seg\u00fan el r\u00e9gimen de promoci\u00f3n de inversiones.\",\"breadcrumb\":{\"@id\":\"https:\/\/cibils.com.uy\/en\/proyectos-de-inversion\/#breadcrumb\"},\"inLanguage\":\"en\",\"potentialAction\":[{\"@type\":\"ReadAction\",\"target\":[\"https:\/\/cibils.com.uy\/en\/proyectos-de-inversion\/\"]}]},{\"@type\":\"BreadcrumbList\",\"@id\":\"https:\/\/cibils.com.uy\/en\/proyectos-de-inversion\/#breadcrumb\",\"itemListElement\":[{\"@type\":\"ListItem\",\"position\":1,\"name\":\"Home\",\"item\":\"https:\/\/cibils.com.uy\/en\/\"},{\"@type\":\"ListItem\",\"position\":2,\"name\":\"Investment Projects\"}]}]}<\/script>\n<!-- \/ Yoast SEO plugin. -->","yoast_head_json":{"title":"Investment Projects, Preparaci\u00f3n y Control - Cibils &amp; Asociados","description":"Preparamos y controlamos los proyectos de inversi\u00f3n, con el fin de obtener los mayores beneficios fiscales seg\u00fan el r\u00e9gimen de promoci\u00f3n de inversiones.","robots":{"index":"index","follow":"follow","max-snippet":"max-snippet:-1","max-image-preview":"max-image-preview:large","max-video-preview":"max-video-preview:-1"},"canonical":"https:\/\/cibils.com.uy\/en\/proyectos-de-inversion\/","og_locale":"en_US","og_type":"article","og_title":"Investment Projects, Preparaci\u00f3n y Control - Cibils &amp; Asociados","og_description":"Preparamos y controlamos los proyectos de inversi\u00f3n, con el fin de obtener los mayores beneficios fiscales seg\u00fan el r\u00e9gimen de promoci\u00f3n de inversiones.","og_url":"https:\/\/cibils.com.uy\/en\/proyectos-de-inversion\/","og_site_name":"Cibils &amp; Asociados","article_modified_time":"2019-08-06T21:12:25+00:00","og_image":[{"width":1440,"height":960,"url":"https:\/\/cibils.com.uy\/en\/wp-content\/uploads\/2018\/10\/servicios-6.jpg","type":"image\/jpeg"}],"twitter_card":"summary_large_image","twitter_misc":{"Est. reading time":"1 minute"},"schema":{"@context":"https:\/\/schema.org","@graph":[{"@type":"WebSite","@id":"https:\/\/cibils.com.uy\/en\/#website","url":"https:\/\/cibils.com.uy\/en\/","name":"Cibils &amp; Asociados","description":"Accounting services &amp; tax consulting","potentialAction":[{"@type":"SearchAction","target":{"@type":"EntryPoint","urlTemplate":"https:\/\/cibils.com.uy\/en\/?s={search_term_string}"},"query-input":"required name=search_term_string"}],"inLanguage":"en"},{"@type":"WebPage","@id":"https:\/\/cibils.com.uy\/en\/proyectos-de-inversion\/","url":"https:\/\/cibils.com.uy\/en\/proyectos-de-inversion\/","name":"Investment Projects, Preparaci\u00f3n y Control - Cibils &amp; Asociados","isPartOf":{"@id":"https:\/\/cibils.com.uy\/en\/#website"},"datePublished":"2018-10-28T00:25:08+00:00","dateModified":"2019-08-06T21:12:25+00:00","description":"Preparamos y controlamos los proyectos de inversi\u00f3n, con el fin de obtener los mayores beneficios fiscales seg\u00fan el r\u00e9gimen de promoci\u00f3n de inversiones.","breadcrumb":{"@id":"https:\/\/cibils.com.uy\/en\/proyectos-de-inversion\/#breadcrumb"},"inLanguage":"en","potentialAction":[{"@type":"ReadAction","target":["https:\/\/cibils.com.uy\/en\/proyectos-de-inversion\/"]}]},{"@type":"BreadcrumbList","@id":"https:\/\/cibils.com.uy\/en\/proyectos-de-inversion\/#breadcrumb","itemListElement":[{"@type":"ListItem","position":1,"name":"Home","item":"https:\/\/cibils.com.uy\/en\/"},{"@type":"ListItem","position":2,"name":"Investment Projects"}]}]}},"_links":{"self":[{"href":"https:\/\/cibils.com.uy\/en\/wp-json\/wp\/v2\/pages\/2036"}],"collection":[{"href":"https:\/\/cibils.com.uy\/en\/wp-json\/wp\/v2\/pages"}],"about":[{"href":"https:\/\/cibils.com.uy\/en\/wp-json\/wp\/v2\/types\/page"}],"author":[{"embeddable":true,"href":"https:\/\/cibils.com.uy\/en\/wp-json\/wp\/v2\/users\/1"}],"replies":[{"embeddable":true,"href":"https:\/\/cibils.com.uy\/en\/wp-json\/wp\/v2\/comments?post=2036"}],"version-history":[{"count":8,"href":"https:\/\/cibils.com.uy\/en\/wp-json\/wp\/v2\/pages\/2036\/revisions"}],"predecessor-version":[{"id":2719,"href":"https:\/\/cibils.com.uy\/en\/wp-json\/wp\/v2\/pages\/2036\/revisions\/2719"}],"wp:featuredmedia":[{"embeddable":true,"href":"https:\/\/cibils.com.uy\/en\/wp-json\/wp\/v2\/media\/2353"}],"wp:attachment":[{"href":"https:\/\/cibils.com.uy\/en\/wp-json\/wp\/v2\/media?parent=2036"}],"curies":[{"name":"wp","href":"https:\/\/api.w.org\/{rel}","templated":true}]}}